{"id":3,"date":"2020-12-26T19:26:10","date_gmt":"2020-12-26T19:26:10","guid":{"rendered":"http:\/\/pianoabogados.es\/?page_id=3"},"modified":"2021-01-10T17:30:43","modified_gmt":"2021-01-10T17:30:43","slug":"privacy-policy","status":"publish","type":"page","link":"https:\/\/pianoabogados.es\/en\/privacy-policy\/","title":{"rendered":"Privacy Policy"},"content":{"rendered":"<h2 class=\"wp-block-heading\">About us<\/h2>\n\n\n\n<p>La direcci\u00f3n de nuestro sitio web es: http:\/\/pianoabogados.es.<\/p>\n\n\n\n<h2 class=\"wp-block-heading\">What personal data we collect and why we collect it<\/h2>\n\n\n\n<h3 class=\"wp-block-heading\">Comments<\/h3>\n\n\n\n<p>When visitors leave comments on the site, we collect the data shown in the comment form, as well as the visitor's IP address and browser user agent string to help detect spam.<\/p>\n\n\n\n<p>An anonymous string created from your email address (also called a hash) can be provided to the Gravatar service to see if you are using it. The Gravatar service privacy policy is available here: https:\/\/automattic.com\/privacy\/. After approval of your comment, your profile photo is visible to the public in the context of your comment.<\/p>\n\n\n\n<h3 class=\"wp-block-heading\">Half<\/h3>\n\n\n\n<p>If you upload images to the website, you should avoid uploading images with embedded location data (EXIF GPS) included. Website visitors can download and extract location data from website images.<\/p>\n\n\n\n<h3 class=\"wp-block-heading\">cookies<\/h3>\n\n\n\n<p>If you leave a comment on our site, you can choose to save your name, email address and website in cookies. These are for your convenience so that you do not have to fill in your details again when you leave another comment. These cookies will last for one year.<\/p>\n\n\n\n<p>If you visit our login page, we will set a temporary cookie to determine if your browser accepts cookies. This cookie does not contain personal data and is discarded when you close your browser.<\/p>\n\n\n\n<p>When you log in, we will also set various cookies to save your login information and your screen display options. Login cookies last for two days and screen options cookies last for one year. If you select \"Remember me\", your login will persist for two weeks. If you log out of your account, the login cookies will be removed.<\/p>\n\n\n\n<p>If you edit or publish an article, an additional cookie will be saved in your browser. This cookie includes no personal data and simply indicates the post ID of the article you just edited. It expires after 1 day.<\/p>\n\n\n\n<h3 class=\"wp-block-heading\">Embedded content from other websites<\/h3>\n\n\n\n<p>Articles on this site may include embedded content (for example, videos, images, articles, etc.). Embedded content from other websites behaves in exactly the same way as if the visitor had visited the other website.<\/p>\n\n\n\n<p>These websites may collect data about you, use cookies, embed additional third party tracking, and monitor your interaction with that embedded content, including tracking your interaction with the embedded content if you have an account and are logged into that website.<\/p>\n\n\n\n<h3 class=\"wp-block-heading\">Analytics<\/h3>\n\n\n\n<h2 class=\"wp-block-heading\">Who we share your data with<\/h2>\n\n\n\n<p>If you request a password reset, your IP address will be included in the reset email.<\/p>\n\n\n\n<h2 class=\"wp-block-heading\">How long we keep your data<\/h2>\n\n\n\n<p>If you leave a comment, the comment and its metadata are preserved indefinitely. This is so that we can automatically recognize and approve any follow-up comments instead of keeping them in a moderation queue.<\/p>\n\n\n\n<p>For users who register on our website (if applicable), we also store the personal information they provide in their user profile. All users can view, edit or delete their personal information at any time (except that they cannot change their username). Website administrators can also view and edit that information.<\/p>\n\n\n\n<h2 class=\"wp-block-heading\">What rights do you have over your data<\/h2>\n\n\n\n<p>If you have an account on this site or have left comments, you can request to receive an exported file of the personal data we hold about you, including the data you have provided to us. You can also request that we erase any personal data that we hold about you. This does not include any data that we are required to keep for administrative, legal or security purposes.<\/p>\n\n\n\n<h2 class=\"wp-block-heading\">Where we send your data<\/h2>\n\n\n\n<p>Visitor comments can be verified through an automated spam detection service.<\/p>","protected":false},"excerpt":{"rendered":"<p>Quienes somos La direcci\u00f3n de nuestro sitio web es: http:\/\/pianoabogados.es. Qu\u00e9 datos personales recopilamos y por qu\u00e9 los recopilamos Comentarios Cuando los visitantes dejan comentarios en el sitio, recopilamos los datos que se muestran en el formulario de comentarios, y tambi\u00e9n la direcci\u00f3n IP del visitante y la cadena del agente de usuario del navegador para ayudar a la detecci\u00f3n de spam. Se puede proporcionar una cadena an\u00f3nima creada a partir de su direcci\u00f3n de correo electr\u00f3nico (tambi\u00e9n llamada hash) al servicio Gravatar para ver si la est\u00e1 utilizando. La pol\u00edtica de privacidad del servicio Gravatar est\u00e1 disponible aqu\u00ed: https:\/\/automattic.com\/privacy\/. Despu\u00e9s de la aprobaci\u00f3n de su comentario, su foto de perfil es visible para el p\u00fablico en el contexto de su comentario. Media Si carga im\u00e1genes en el sitio web, debe evitar cargar im\u00e1genes con datos de ubicaci\u00f3n incrustados (GPS EXIF) incluidos. Los visitantes del sitio web pueden descargar y extraer los datos de ubicaci\u00f3n de las im\u00e1genes del sitio web. Cookies Si deja un comentario en nuestro sitio, puede optar por guardar su nombre, direcci\u00f3n de correo electr\u00f3nico y sitio web en cookies. Estos son para su conveniencia para que no tenga que volver a completar sus datos cuando deje otro comentario. Estas cookies durar\u00e1n un a\u00f1o. Si visita nuestra p\u00e1gina de inicio de sesi\u00f3n, configuraremos una cookie temporal para determinar si su navegador acepta cookies. Esta cookie no contiene datos personales y se descarta cuando cierra su navegador. Cuando inicie sesi\u00f3n, tambi\u00e9n configuraremos varias cookies para guardar su informaci\u00f3n de inicio de sesi\u00f3n y sus opciones de visualizaci\u00f3n de pantalla. Las cookies de inicio de sesi\u00f3n duran dos d\u00edas y las cookies de opciones de pantalla duran un a\u00f1o. Si selecciona \u00abRecordarme\u00bb, su inicio de sesi\u00f3n persistir\u00e1 durante dos semanas. Si cierra sesi\u00f3n en su cuenta, se eliminar\u00e1n las cookies de inicio de sesi\u00f3n. If you edit or publish an article, an additional cookie will be saved in your browser. This cookie includes no personal data and simply indicates the post ID of the article you just edited. It expires after 1 day. Contenido incrustado de otros sitios web Los art\u00edculos de este sitio pueden incluir contenido incrustado (por ejemplo, videos, im\u00e1genes, art\u00edculos, etc.). El contenido incrustado de otros sitios web se comporta exactamente de la misma manera que si el visitante hubiera visitado el otro sitio web. Estos sitios web pueden recopilar datos sobre usted, utilizar cookies, incrustar un seguimiento adicional de terceros y supervisar su interacci\u00f3n con ese contenido incrustado, incluido el seguimiento de su interacci\u00f3n con el contenido incrustado si tiene una cuenta y ha iniciado sesi\u00f3n en ese sitio web. Analiticas Con qui\u00e9n compartimos sus datos Si solicita un restablecimiento de contrase\u00f1a, su direcci\u00f3n IP se incluir\u00e1 en el correo electr\u00f3nico de restablecimiento. Cu\u00e1nto tiempo conservamos sus datos Si deja un comentario, el comentario y sus metadatos se conservan indefinidamente. Esto es para que podamos reconocer y aprobar cualquier comentario de seguimiento autom\u00e1ticamente en lugar de mantenerlos en una cola de moderaci\u00f3n. Para los usuarios que se registran en nuestro sitio web (si corresponde), tambi\u00e9n almacenamos la informaci\u00f3n personal que proporcionan en su perfil de usuario. Todos los usuarios pueden ver, editar o eliminar su informaci\u00f3n personal en cualquier momento (excepto que no pueden cambiar su nombre de usuario). Los administradores del sitio web tambi\u00e9n pueden ver y editar esa informaci\u00f3n. Que derechos tienes sobre tus datos Si tiene una cuenta en este sitio o ha dejado comentarios, puede solicitar recibir un archivo exportado de los datos personales que tenemos sobre usted, incluidos los datos que nos haya proporcionado. Tambi\u00e9n puede solicitar que borremos cualquier dato personal que tengamos sobre usted. Esto no incluye ning\u00fan dato que estemos obligados a conservar con fines administrativos, legales o de seguridad. Donde enviamos sus datos Los comentarios de los visitantes se pueden verificar a trav\u00e9s de un servicio autom\u00e1tico de detecci\u00f3n de spam.<\/p>","protected":false},"author":1,"featured_media":0,"parent":0,"menu_order":0,"comment_status":"closed","ping_status":"open","template":"","meta":{"footnotes":""},"class_list":["post-3","page","type-page","status-publish","hentry"],"yoast_head":"<!-- This site is optimized with the Yoast SEO plugin v24.4 - https:\/\/yoast.com\/wordpress\/plugins\/seo\/ -->\n<title>Pol\u00edtica de privacidad - Piano Abogados<\/title>\n<meta name=\"robots\" content=\"index, follow, max-snippet:-1, max-image-preview:large, max-video-preview:-1\" \/>\n<link rel=\"canonical\" href=\"https:\/\/pianoabogados.es\/en\/privacy-policy\/\" \/>\n<meta property=\"og:locale\" content=\"en_US\" \/>\n<meta property=\"og:type\" content=\"article\" \/>\n<meta property=\"og:title\" content=\"Pol\u00edtica de privacidad - Piano Abogados\" \/>\n<meta property=\"og:description\" content=\"Quienes somos La direcci\u00f3n de nuestro sitio web es: http:\/\/pianoabogados.es. Qu\u00e9 datos personales recopilamos y por qu\u00e9 los recopilamos Comentarios Cuando los visitantes dejan comentarios en el sitio, recopilamos los datos que se muestran en el formulario de comentarios, y tambi\u00e9n la direcci\u00f3n IP del visitante y la cadena del agente de usuario del navegador para ayudar a la detecci\u00f3n de spam. Se puede proporcionar una cadena an\u00f3nima creada a partir de su direcci\u00f3n de correo electr\u00f3nico (tambi\u00e9n llamada hash) al servicio Gravatar para ver si la est\u00e1 utilizando. La pol\u00edtica de privacidad del servicio Gravatar est\u00e1 disponible aqu\u00ed: https:\/\/automattic.com\/privacy\/. Despu\u00e9s de la aprobaci\u00f3n de su comentario, su foto de perfil es visible para el p\u00fablico en el contexto de su comentario. Media Si carga im\u00e1genes en el sitio web, debe evitar cargar im\u00e1genes con datos de ubicaci\u00f3n incrustados (GPS EXIF) incluidos. Los visitantes del sitio web pueden descargar y extraer los datos de ubicaci\u00f3n de las im\u00e1genes del sitio web. Cookies Si deja un comentario en nuestro sitio, puede optar por guardar su nombre, direcci\u00f3n de correo electr\u00f3nico y sitio web en cookies. Estos son para su conveniencia para que no tenga que volver a completar sus datos cuando deje otro comentario. Estas cookies durar\u00e1n un a\u00f1o. Si visita nuestra p\u00e1gina de inicio de sesi\u00f3n, configuraremos una cookie temporal para determinar si su navegador acepta cookies. Esta cookie no contiene datos personales y se descarta cuando cierra su navegador. Cuando inicie sesi\u00f3n, tambi\u00e9n configuraremos varias cookies para guardar su informaci\u00f3n de inicio de sesi\u00f3n y sus opciones de visualizaci\u00f3n de pantalla. Las cookies de inicio de sesi\u00f3n duran dos d\u00edas y las cookies de opciones de pantalla duran un a\u00f1o. Si selecciona \u00abRecordarme\u00bb, su inicio de sesi\u00f3n persistir\u00e1 durante dos semanas. Si cierra sesi\u00f3n en su cuenta, se eliminar\u00e1n las cookies de inicio de sesi\u00f3n. If you edit or publish an article, an additional cookie will be saved in your browser. This cookie includes no personal data and simply indicates the post ID of the article you just edited. It expires after 1 day. Contenido incrustado de otros sitios web Los art\u00edculos de este sitio pueden incluir contenido incrustado (por ejemplo, videos, im\u00e1genes, art\u00edculos, etc.). El contenido incrustado de otros sitios web se comporta exactamente de la misma manera que si el visitante hubiera visitado el otro sitio web. Estos sitios web pueden recopilar datos sobre usted, utilizar cookies, incrustar un seguimiento adicional de terceros y supervisar su interacci\u00f3n con ese contenido incrustado, incluido el seguimiento de su interacci\u00f3n con el contenido incrustado si tiene una cuenta y ha iniciado sesi\u00f3n en ese sitio web. Analiticas Con qui\u00e9n compartimos sus datos Si solicita un restablecimiento de contrase\u00f1a, su direcci\u00f3n IP se incluir\u00e1 en el correo electr\u00f3nico de restablecimiento. Cu\u00e1nto tiempo conservamos sus datos Si deja un comentario, el comentario y sus metadatos se conservan indefinidamente. Esto es para que podamos reconocer y aprobar cualquier comentario de seguimiento autom\u00e1ticamente en lugar de mantenerlos en una cola de moderaci\u00f3n. Para los usuarios que se registran en nuestro sitio web (si corresponde), tambi\u00e9n almacenamos la informaci\u00f3n personal que proporcionan en su perfil de usuario. Todos los usuarios pueden ver, editar o eliminar su informaci\u00f3n personal en cualquier momento (excepto que no pueden cambiar su nombre de usuario). Los administradores del sitio web tambi\u00e9n pueden ver y editar esa informaci\u00f3n. Que derechos tienes sobre tus datos Si tiene una cuenta en este sitio o ha dejado comentarios, puede solicitar recibir un archivo exportado de los datos personales que tenemos sobre usted, incluidos los datos que nos haya proporcionado. Tambi\u00e9n puede solicitar que borremos cualquier dato personal que tengamos sobre usted. Esto no incluye ning\u00fan dato que estemos obligados a conservar con fines administrativos, legales o de seguridad. Donde enviamos sus datos Los comentarios de los visitantes se pueden verificar a trav\u00e9s de un servicio autom\u00e1tico de detecci\u00f3n de spam.\" \/>\n<meta property=\"og:url\" content=\"https:\/\/pianoabogados.es\/en\/privacy-policy\/\" \/>\n<meta property=\"og:site_name\" content=\"Piano Abogados\" \/>\n<meta property=\"article:modified_time\" content=\"2021-01-10T17:30:43+00:00\" \/>\n<meta name=\"twitter:card\" content=\"summary_large_image\" \/>\n<meta name=\"twitter:label1\" content=\"Est. reading time\" \/>\n\t<meta name=\"twitter:data1\" content=\"4 minutes\" \/>\n<script type=\"application\/ld+json\" class=\"yoast-schema-graph\">{\"@context\":\"https:\/\/schema.org\",\"@graph\":[{\"@type\":\"WebPage\",\"@id\":\"https:\/\/pianoabogados.es\/privacy-policy\/\",\"url\":\"https:\/\/pianoabogados.es\/privacy-policy\/\",\"name\":\"Pol\u00edtica de privacidad - Piano Abogados\",\"isPartOf\":{\"@id\":\"https:\/\/pianoabogados.es\/#website\"},\"datePublished\":\"2020-12-26T19:26:10+00:00\",\"dateModified\":\"2021-01-10T17:30:43+00:00\",\"breadcrumb\":{\"@id\":\"https:\/\/pianoabogados.es\/privacy-policy\/#breadcrumb\"},\"inLanguage\":\"en-US\",\"potentialAction\":[{\"@type\":\"ReadAction\",\"target\":[\"https:\/\/pianoabogados.es\/privacy-policy\/\"]}]},{\"@type\":\"BreadcrumbList\",\"@id\":\"https:\/\/pianoabogados.es\/privacy-policy\/#breadcrumb\",\"itemListElement\":[{\"@type\":\"ListItem\",\"position\":1,\"name\":\"Portada\",\"item\":\"https:\/\/pianoabogados.es\/\"},{\"@type\":\"ListItem\",\"position\":2,\"name\":\"Pol\u00edtica de privacidad\"}]},{\"@type\":\"WebSite\",\"@id\":\"https:\/\/pianoabogados.es\/#website\",\"url\":\"https:\/\/pianoabogados.es\/\",\"name\":\"Piano Abogados - Protege tu inversi\u00f3n en espa\u00f1a\",\"description\":\"Piano Abogados\",\"publisher\":{\"@id\":\"https:\/\/pianoabogados.es\/#organization\"},\"potentialAction\":[{\"@type\":\"SearchAction\",\"target\":{\"@type\":\"EntryPoint\",\"urlTemplate\":\"https:\/\/pianoabogados.es\/?s={search_term_string}\"},\"query-input\":{\"@type\":\"PropertyValueSpecification\",\"valueRequired\":true,\"valueName\":\"search_term_string\"}}],\"inLanguage\":\"en-US\"},{\"@type\":\"Organization\",\"@id\":\"https:\/\/pianoabogados.es\/#organization\",\"name\":\"Piano Abogados\",\"url\":\"https:\/\/pianoabogados.es\/\",\"logo\":{\"@type\":\"ImageObject\",\"inLanguage\":\"en-US\",\"@id\":\"https:\/\/pianoabogados.es\/#\/schema\/logo\/image\/\",\"url\":\"https:\/\/i0.wp.com\/pianoabogados.es\/wp-content\/uploads\/2020\/12\/piano-abogados-logo.png?fit=759%2C208&ssl=1\",\"contentUrl\":\"https:\/\/i0.wp.com\/pianoabogados.es\/wp-content\/uploads\/2020\/12\/piano-abogados-logo.png?fit=759%2C208&ssl=1\",\"width\":759,\"height\":208,\"caption\":\"Piano Abogados\"},\"image\":{\"@id\":\"https:\/\/pianoabogados.es\/#\/schema\/logo\/image\/\"}}]}<\/script>\n<!-- \/ Yoast SEO plugin. -->","yoast_head_json":{"title":"Pol\u00edtica de privacidad - Piano Abogados","robots":{"index":"index","follow":"follow","max-snippet":"max-snippet:-1","max-image-preview":"max-image-preview:large","max-video-preview":"max-video-preview:-1"},"canonical":"https:\/\/pianoabogados.es\/en\/privacy-policy\/","og_locale":"en_US","og_type":"article","og_title":"Pol\u00edtica de privacidad - Piano Abogados","og_description":"Quienes somos La direcci\u00f3n de nuestro sitio web es: http:\/\/pianoabogados.es. Qu\u00e9 datos personales recopilamos y por qu\u00e9 los recopilamos Comentarios Cuando los visitantes dejan comentarios en el sitio, recopilamos los datos que se muestran en el formulario de comentarios, y tambi\u00e9n la direcci\u00f3n IP del visitante y la cadena del agente de usuario del navegador para ayudar a la detecci\u00f3n de spam. Se puede proporcionar una cadena an\u00f3nima creada a partir de su direcci\u00f3n de correo electr\u00f3nico (tambi\u00e9n llamada hash) al servicio Gravatar para ver si la est\u00e1 utilizando. La pol\u00edtica de privacidad del servicio Gravatar est\u00e1 disponible aqu\u00ed: https:\/\/automattic.com\/privacy\/. Despu\u00e9s de la aprobaci\u00f3n de su comentario, su foto de perfil es visible para el p\u00fablico en el contexto de su comentario. Media Si carga im\u00e1genes en el sitio web, debe evitar cargar im\u00e1genes con datos de ubicaci\u00f3n incrustados (GPS EXIF) incluidos. Los visitantes del sitio web pueden descargar y extraer los datos de ubicaci\u00f3n de las im\u00e1genes del sitio web. Cookies Si deja un comentario en nuestro sitio, puede optar por guardar su nombre, direcci\u00f3n de correo electr\u00f3nico y sitio web en cookies. Estos son para su conveniencia para que no tenga que volver a completar sus datos cuando deje otro comentario. Estas cookies durar\u00e1n un a\u00f1o. Si visita nuestra p\u00e1gina de inicio de sesi\u00f3n, configuraremos una cookie temporal para determinar si su navegador acepta cookies. Esta cookie no contiene datos personales y se descarta cuando cierra su navegador. Cuando inicie sesi\u00f3n, tambi\u00e9n configuraremos varias cookies para guardar su informaci\u00f3n de inicio de sesi\u00f3n y sus opciones de visualizaci\u00f3n de pantalla. Las cookies de inicio de sesi\u00f3n duran dos d\u00edas y las cookies de opciones de pantalla duran un a\u00f1o. Si selecciona \u00abRecordarme\u00bb, su inicio de sesi\u00f3n persistir\u00e1 durante dos semanas. Si cierra sesi\u00f3n en su cuenta, se eliminar\u00e1n las cookies de inicio de sesi\u00f3n. If you edit or publish an article, an additional cookie will be saved in your browser. This cookie includes no personal data and simply indicates the post ID of the article you just edited. It expires after 1 day. Contenido incrustado de otros sitios web Los art\u00edculos de este sitio pueden incluir contenido incrustado (por ejemplo, videos, im\u00e1genes, art\u00edculos, etc.). El contenido incrustado de otros sitios web se comporta exactamente de la misma manera que si el visitante hubiera visitado el otro sitio web. Estos sitios web pueden recopilar datos sobre usted, utilizar cookies, incrustar un seguimiento adicional de terceros y supervisar su interacci\u00f3n con ese contenido incrustado, incluido el seguimiento de su interacci\u00f3n con el contenido incrustado si tiene una cuenta y ha iniciado sesi\u00f3n en ese sitio web. Analiticas Con qui\u00e9n compartimos sus datos Si solicita un restablecimiento de contrase\u00f1a, su direcci\u00f3n IP se incluir\u00e1 en el correo electr\u00f3nico de restablecimiento. Cu\u00e1nto tiempo conservamos sus datos Si deja un comentario, el comentario y sus metadatos se conservan indefinidamente. Esto es para que podamos reconocer y aprobar cualquier comentario de seguimiento autom\u00e1ticamente en lugar de mantenerlos en una cola de moderaci\u00f3n. Para los usuarios que se registran en nuestro sitio web (si corresponde), tambi\u00e9n almacenamos la informaci\u00f3n personal que proporcionan en su perfil de usuario. Todos los usuarios pueden ver, editar o eliminar su informaci\u00f3n personal en cualquier momento (excepto que no pueden cambiar su nombre de usuario). Los administradores del sitio web tambi\u00e9n pueden ver y editar esa informaci\u00f3n. Que derechos tienes sobre tus datos Si tiene una cuenta en este sitio o ha dejado comentarios, puede solicitar recibir un archivo exportado de los datos personales que tenemos sobre usted, incluidos los datos que nos haya proporcionado. Tambi\u00e9n puede solicitar que borremos cualquier dato personal que tengamos sobre usted. Esto no incluye ning\u00fan dato que estemos obligados a conservar con fines administrativos, legales o de seguridad. Donde enviamos sus datos Los comentarios de los visitantes se pueden verificar a trav\u00e9s de un servicio autom\u00e1tico de detecci\u00f3n de spam.","og_url":"https:\/\/pianoabogados.es\/en\/privacy-policy\/","og_site_name":"Piano Abogados","article_modified_time":"2021-01-10T17:30:43+00:00","twitter_card":"summary_large_image","twitter_misc":{"Est. reading time":"4 minutes"},"schema":{"@context":"https:\/\/schema.org","@graph":[{"@type":"WebPage","@id":"https:\/\/pianoabogados.es\/privacy-policy\/","url":"https:\/\/pianoabogados.es\/privacy-policy\/","name":"Pol\u00edtica de privacidad - Piano Abogados","isPartOf":{"@id":"https:\/\/pianoabogados.es\/#website"},"datePublished":"2020-12-26T19:26:10+00:00","dateModified":"2021-01-10T17:30:43+00:00","breadcrumb":{"@id":"https:\/\/pianoabogados.es\/privacy-policy\/#breadcrumb"},"inLanguage":"en-US","potentialAction":[{"@type":"ReadAction","target":["https:\/\/pianoabogados.es\/privacy-policy\/"]}]},{"@type":"BreadcrumbList","@id":"https:\/\/pianoabogados.es\/privacy-policy\/#breadcrumb","itemListElement":[{"@type":"ListItem","position":1,"name":"Portada","item":"https:\/\/pianoabogados.es\/"},{"@type":"ListItem","position":2,"name":"Pol\u00edtica de privacidad"}]},{"@type":"WebSite","@id":"https:\/\/pianoabogados.es\/#website","url":"https:\/\/pianoabogados.es\/","name":"Piano Abogados - Protege tu inversi\u00f3n en espa\u00f1a","description":"Piano Abogados","publisher":{"@id":"https:\/\/pianoabogados.es\/#organization"},"potentialAction":[{"@type":"SearchAction","target":{"@type":"EntryPoint","urlTemplate":"https:\/\/pianoabogados.es\/?s={search_term_string}"},"query-input":{"@type":"PropertyValueSpecification","valueRequired":true,"valueName":"search_term_string"}}],"inLanguage":"en-US"},{"@type":"Organization","@id":"https:\/\/pianoabogados.es\/#organization","name":"Piano Abogados","url":"https:\/\/pianoabogados.es\/","logo":{"@type":"ImageObject","inLanguage":"en-US","@id":"https:\/\/pianoabogados.es\/#\/schema\/logo\/image\/","url":"https:\/\/i0.wp.com\/pianoabogados.es\/wp-content\/uploads\/2020\/12\/piano-abogados-logo.png?fit=759%2C208&ssl=1","contentUrl":"https:\/\/i0.wp.com\/pianoabogados.es\/wp-content\/uploads\/2020\/12\/piano-abogados-logo.png?fit=759%2C208&ssl=1","width":759,"height":208,"caption":"Piano Abogados"},"image":{"@id":"https:\/\/pianoabogados.es\/#\/schema\/logo\/image\/"}}]}},"jetpack_sharing_enabled":true,"_links":{"self":[{"href":"https:\/\/pianoabogados.es\/en\/wp-json\/wp\/v2\/pages\/3","targetHints":{"allow":["GET"]}}],"collection":[{"href":"https:\/\/pianoabogados.es\/en\/wp-json\/wp\/v2\/pages"}],"about":[{"href":"https:\/\/pianoabogados.es\/en\/wp-json\/wp\/v2\/types\/page"}],"author":[{"embeddable":true,"href":"https:\/\/pianoabogados.es\/en\/wp-json\/wp\/v2\/users\/1"}],"replies":[{"embeddable":true,"href":"https:\/\/pianoabogados.es\/en\/wp-json\/wp\/v2\/comments?post=3"}],"version-history":[{"count":2,"href":"https:\/\/pianoabogados.es\/en\/wp-json\/wp\/v2\/pages\/3\/revisions"}],"predecessor-version":[{"id":384,"href":"https:\/\/pianoabogados.es\/en\/wp-json\/wp\/v2\/pages\/3\/revisions\/384"}],"wp:attachment":[{"href":"https:\/\/pianoabogados.es\/en\/wp-json\/wp\/v2\/media?parent=3"}],"curies":[{"name":"wp","href":"https:\/\/api.w.org\/{rel}","templated":true}]}}