{"id":88,"date":"2013-08-11T19:22:53","date_gmt":"2013-08-11T19:22:53","guid":{"rendered":"http:\/\/localhost:8888\/test\/?page_id=532"},"modified":"2025-11-07T10:22:14","modified_gmt":"2025-11-07T09:22:14","slug":"contacto","status":"publish","type":"page","link":"https:\/\/pianoabogados.es\/en\/contacto\/","title":{"rendered":"Contact"},"content":{"rendered":"\t\t<div data-elementor-type=\"wp-page\" data-elementor-id=\"88\" class=\"elementor elementor-88\">\n\t\t\t\t<div class=\"elementor-element elementor-element-90c6337 e-flex e-con-boxed wpr-particle-no wpr-jarallax-no wpr-parallax-no wpr-sticky-section-no wpr-equal-height-no e-con e-parent\" data-id=\"90c6337\" data-element_type=\"container\" data-e-type=\"container\" data-settings=\"{&quot;background_background&quot;:&quot;classic&quot;}\">\n\t\t\t\t\t<div class=\"e-con-inner\">\n\t\t<div class=\"elementor-element elementor-element-95f04df e-con-full e-flex wpr-particle-no wpr-jarallax-no wpr-parallax-no wpr-sticky-section-no wpr-equal-height-no e-con e-child\" data-id=\"95f04df\" data-element_type=\"container\" data-e-type=\"container\" data-settings=\"{&quot;background_background&quot;:&quot;classic&quot;}\">\n\t\t<div class=\"elementor-element elementor-element-8dac43c e-con-full e-flex wpr-particle-no wpr-jarallax-no wpr-parallax-no wpr-sticky-section-no wpr-equal-height-no e-con e-child\" data-id=\"8dac43c\" data-element_type=\"container\" data-e-type=\"container\" data-settings=\"{&quot;background_background&quot;:&quot;classic&quot;}\">\n\t\t\t\t<div class=\"elementor-element elementor-element-db2c3fc elementor-position-left elementor-vertical-align-middle elementor-widget elementor-widget-image-box\" data-id=\"db2c3fc\" data-element_type=\"widget\" data-e-type=\"widget\" data-widget_type=\"image-box.default\">\n\t\t\t\t<div class=\"elementor-widget-container\">\n\t\t\t\t\t<div class=\"elementor-image-box-wrapper\"><figure class=\"elementor-image-box-img\"><img decoding=\"async\" width=\"121\" height=\"127\" src=\"https:\/\/i0.wp.com\/pianoabogados.es\/wp-content\/uploads\/2021\/01\/piano-abogados-logoICO.png?fit=121%2C127&amp;ssl=1\" class=\"attachment-full size-full wp-image-389\" alt=\"\" \/><\/figure><div class=\"elementor-image-box-content\"><h3 class=\"elementor-image-box-title\">Horario Laboral:<\/h3><p class=\"elementor-image-box-description\">Lunes a Jueves: 09:00h - 14:30h, 16:00h - 18:00h\n<br>\nViernes: 09:00h - 16:00h,<\/p><\/div><\/div>\t\t\t\t<\/div>\n\t\t\t\t<\/div>\n\t\t\t\t<\/div>\n\t\t\t\t<\/div>\n\t\t<div class=\"elementor-element elementor-element-1616e2d e-con-full e-flex wpr-particle-no wpr-jarallax-no wpr-parallax-no wpr-sticky-section-no wpr-equal-height-no e-con e-child\" data-id=\"1616e2d\" data-element_type=\"container\" data-e-type=\"container\">\n\t\t\t\t<div class=\"elementor-element elementor-element-5439897 elementor-widget elementor-widget-heading\" data-id=\"5439897\" data-element_type=\"widget\" data-e-type=\"widget\" data-widget_type=\"heading.default\">\n\t\t\t\t<div class=\"elementor-widget-container\">\n\t\t\t\t\t<h2 class=\"elementor-heading-title elementor-size-default\">\u00bfNecesitas <i>ayuda<\/i>?<br> Explicanos tus dudas<\/h2>\t\t\t\t<\/div>\n\t\t\t\t<\/div>\n\t\t\t\t<div class=\"elementor-element elementor-element-2c64e01 elementor-widget elementor-widget-text-editor\" data-id=\"2c64e01\" data-element_type=\"widget\" data-e-type=\"widget\" data-widget_type=\"text-editor.default\">\n\t\t\t\t<div class=\"elementor-widget-container\">\n\t\t\t\t\t\t\t\t\t<p>Resuelve tus dudas junto a nuestro equipo especializado.<\/p>\t\t\t\t\t\t\t\t<\/div>\n\t\t\t\t<\/div>\n\t\t<div class=\"elementor-element elementor-element-a889c1d e-con-full e-flex wpr-particle-no wpr-jarallax-no wpr-parallax-no wpr-sticky-section-no wpr-equal-height-no e-con e-child\" data-id=\"a889c1d\" data-element_type=\"container\" data-e-type=\"container\">\n\t\t\t\t<div class=\"elementor-element elementor-element-4951986 elementor-position-left elementor-vertical-align-middle elementor-widget elementor-widget-image-box\" data-id=\"4951986\" data-element_type=\"widget\" data-e-type=\"widget\" data-widget_type=\"image-box.default\">\n\t\t\t\t<div class=\"elementor-widget-container\">\n\t\t\t\t\t<div class=\"elementor-image-box-wrapper\"><figure class=\"elementor-image-box-img\"><a href=\"tel:+34965784169\" tabindex=\"-1\"><img decoding=\"async\" width=\"107\" height=\"109\" src=\"https:\/\/i0.wp.com\/pianoabogados.es\/wp-content\/uploads\/2024\/09\/Icono-PA.png?fit=107%2C109&amp;ssl=1\" class=\"attachment-full size-full wp-image-927\" alt=\"\" srcset=\"https:\/\/i0.wp.com\/pianoabogados.es\/wp-content\/uploads\/2024\/09\/Icono-PA.png?w=107&amp;ssl=1 107w, https:\/\/i0.wp.com\/pianoabogados.es\/wp-content\/uploads\/2024\/09\/Icono-PA.png?resize=12%2C12&amp;ssl=1 12w\" sizes=\"(max-width: 107px) 100vw, 107px\" \/><\/a><\/figure><div class=\"elementor-image-box-content\"><h3 class=\"elementor-image-box-title\"><a href=\"tel:+34965784169\">Ll\u00e1manos<\/a><\/h3><p class=\"elementor-image-box-description\">Hable con nosotros y vea c\u00f3mo podemos trabajar juntos +34 965 78 41 69<\/p><\/div><\/div>\t\t\t\t<\/div>\n\t\t\t\t<\/div>\n\t\t\t\t<div class=\"elementor-element elementor-element-bb88e35 elementor-position-left elementor-vertical-align-middle elementor-widget elementor-widget-image-box\" data-id=\"bb88e35\" data-element_type=\"widget\" data-e-type=\"widget\" data-widget_type=\"image-box.default\">\n\t\t\t\t<div class=\"elementor-widget-container\">\n\t\t\t\t\t<div class=\"elementor-image-box-wrapper\"><figure class=\"elementor-image-box-img\"><a href=\"mailto:contacto@pianoabogados.es\" tabindex=\"-1\"><img decoding=\"async\" width=\"107\" height=\"109\" src=\"https:\/\/i0.wp.com\/pianoabogados.es\/wp-content\/uploads\/2024\/09\/Icono-PA.png?fit=107%2C109&amp;ssl=1\" class=\"attachment-full size-full wp-image-927\" alt=\"\" srcset=\"https:\/\/i0.wp.com\/pianoabogados.es\/wp-content\/uploads\/2024\/09\/Icono-PA.png?w=107&amp;ssl=1 107w, https:\/\/i0.wp.com\/pianoabogados.es\/wp-content\/uploads\/2024\/09\/Icono-PA.png?resize=12%2C12&amp;ssl=1 12w\" sizes=\"(max-width: 107px) 100vw, 107px\" \/><\/a><\/figure><div class=\"elementor-image-box-content\"><h3 class=\"elementor-image-box-title\"><a href=\"mailto:contacto@pianoabogados.es\">Escr\u00edbenos<\/a><\/h3><p class=\"elementor-image-box-description\">Respondemos en menos de 2h contacto@pianoabogados.es<\/p><\/div><\/div>\t\t\t\t<\/div>\n\t\t\t\t<\/div>\n\t\t\t\t<div class=\"elementor-element elementor-element-585ef1c elementor-position-left elementor-vertical-align-middle elementor-widget elementor-widget-image-box\" data-id=\"585ef1c\" data-element_type=\"widget\" data-e-type=\"widget\" data-widget_type=\"image-box.default\">\n\t\t\t\t<div class=\"elementor-widget-container\">\n\t\t\t\t\t<div class=\"elementor-image-box-wrapper\"><figure class=\"elementor-image-box-img\"><a href=\"https:\/\/www.google.com\/maps\/dir\/\/C%2F+del+Marqu%C3%A9s+de+Campo,+42+03700+D%C3%A9nia+Alacant\/@38.8405665,0.1095542,14z\/data=!4m5!4m4!1m0!1m2!1m1!1s0x129e1b21cc28f8b1:0xa383cd88f64fcea2\" tabindex=\"-1\"><img decoding=\"async\" width=\"107\" height=\"109\" src=\"https:\/\/i0.wp.com\/pianoabogados.es\/wp-content\/uploads\/2024\/09\/Icono-PA.png?fit=107%2C109&amp;ssl=1\" class=\"attachment-full size-full wp-image-927\" alt=\"\" srcset=\"https:\/\/i0.wp.com\/pianoabogados.es\/wp-content\/uploads\/2024\/09\/Icono-PA.png?w=107&amp;ssl=1 107w, https:\/\/i0.wp.com\/pianoabogados.es\/wp-content\/uploads\/2024\/09\/Icono-PA.png?resize=12%2C12&amp;ssl=1 12w\" sizes=\"(max-width: 107px) 100vw, 107px\" \/><\/a><\/figure><div class=\"elementor-image-box-content\"><h3 class=\"elementor-image-box-title\"><a href=\"https:\/\/www.google.com\/maps\/dir\/\/C%2F+del+Marqu%C3%A9s+de+Campo,+42+03700+D%C3%A9nia+Alacant\/@38.8405665,0.1095542,14z\/data=!4m5!4m4!1m0!1m2!1m1!1s0x129e1b21cc28f8b1:0xa383cd88f64fcea2\">Encu\u00e9ntranos<\/a><\/h3><p class=\"elementor-image-box-description\">C\/ del Marqu\u00e9s de Campo, 42, 03700 D\u00e9nia, Alicante<\/p><\/div><\/div>\t\t\t\t<\/div>\n\t\t\t\t<\/div>\n\t\t\t\t<div class=\"elementor-element elementor-element-a3380be elementor-widget elementor-widget-heading\" data-id=\"a3380be\" data-element_type=\"widget\" data-e-type=\"widget\" data-widget_type=\"heading.default\">\n\t\t\t\t<div class=\"elementor-widget-container\">\n\t\t\t\t\t<h2 class=\"elementor-heading-title elementor-size-default\">Env\u00edanos tu consulta:<\/h2>\t\t\t\t<\/div>\n\t\t\t\t<\/div>\n\t\t\t\t<div class=\"elementor-element elementor-element-25e2f39 elementor-widget__width-initial wpr-step-type-number_text wpr-step-content-layout-vertical wpr-custom-styles-yes elementor-widget elementor-widget-wpr-form-builder\" data-id=\"25e2f39\" data-element_type=\"widget\" data-e-type=\"widget\" data-settings=\"{&quot;success_message&quot;:&quot;Presentaci\\u00f3n correcta&quot;,&quot;error_message&quot;:&quot;Presentaci\\u00f3n fallida&quot;,&quot;button_width&quot;:{&quot;unit&quot;:&quot;%&quot;,&quot;size&quot;:100,&quot;sizes&quot;:[]},&quot;button_width_tablet&quot;:{&quot;unit&quot;:&quot;px&quot;,&quot;size&quot;:&quot;&quot;,&quot;sizes&quot;:[]},&quot;button_width_mobile&quot;:{&quot;unit&quot;:&quot;px&quot;,&quot;size&quot;:&quot;&quot;,&quot;sizes&quot;:[]},&quot;step_type&quot;:&quot;number_text&quot;,&quot;step_content_layout&quot;:&quot;vertical&quot;}\" data-widget_type=\"wpr-form-builder.default\">\n\t\t\t\t<div class=\"elementor-widget-container\">\n\t\t\t\t\t\t\t<form class=\"wpr-form\" method=\"post\" name=\"Contacto\" page=\"Contacto\" page_id=\"88\" novalidate>\n\t\t\t<input type=\"hidden\" name=\"post_id\" value=\"88\"\/>\n\t\t\t<input type=\"hidden\" name=\"form_id\" value=\"25e2f39\"\/>\n\t\t\t<input type=\"hidden\" name=\"referer_title\" value=\"Piano Abogados\" \/>\n\n\t\t\t<div class=\"wpr-step-wrap\"><\/div>\n\t\t\t<div class=\"wpr-form-fields-wrap wpr-labels-\">\n\t\t\t\t\t\t\t\t\t<div class=\"wpr-form-field-type-text wpr-field-group wpr-column wpr-field-group-name elementor-repeater-item-c37bed3\">\n\t\t\t\t\t\t<input size=\"1 \"type=\"text\" name=\"form_fields[name]\" id=\"form-field-name\" class=\"wpr-form-field  wpr-form-field-textual\" placeholder=\"Nombre\">\t\t\t\t\t<\/div>\n\t\t\t\t\t\t\t\t\t<div class=\"wpr-form-field-type-email wpr-field-group wpr-column wpr-field-group-email elementor-repeater-item-e31f38d wpr-form-field-required\">\n\t\t\t\t\t\t<input size=\"1 \"type=\"email\" name=\"form_fields[email]\" id=\"form-field-email\" class=\"wpr-form-field  wpr-form-field-textual\" placeholder=\"Correo electr\u00f3nico\" required=\"required\" aria-required=\"true\">\t\t\t\t\t<\/div>\n\t\t\t\t\t\t\t\t\t<div class=\"wpr-form-field-type-textarea wpr-field-group wpr-column wpr-field-group-message elementor-repeater-item-c1beb3c\">\n\t\t\t\t\t\t<textarea class=\"wpr-form-field-textual wpr-form-field \" name=\"form_fields[message]\" id=\"form-field-message\" rows=\"7\" placeholder=\"Breve descripci\u00f3n \"><\/textarea>\t\t\t\t\t<\/div>\n\t\t\t\t<div class=\"wpr-field-group wpr-stp-btns-wrap wpr-column wpr-form-field-type-submit\" data-actions=\"[&quot;email&quot;]\" data-redirect-url=\"\" data-mailchimp-fields=\"{&quot;email_field&quot;:&quot;&quot;,&quot;first_name_field&quot;:&quot;&quot;,&quot;last_name_field&quot;:&quot;&quot;,&quot;address_field&quot;:&quot;&quot;,&quot;phone_field&quot;:&quot;&quot;,&quot;birthday_field&quot;:&quot;&quot;,&quot;group_id&quot;:&quot;&quot;}\" data-list-id=\"\">\t\t\t<button type=\"submit\" class=\"wpr-button\">\n\t\t\t\t<span >\n\t\t\t\t\t\t\t\t\t\t\t\t\t\t\t\t<span>Enviar<\/span>\n\t\t\t\t\t\t\t\t\t\t\t\t\t\t<\/span>\t\n\t\t\t\t<div class=\"wpr-double-bounce wpr-loader-hidden\">\n\t\t\t\t\t<div class=\"wpr-child wpr-double-bounce1\"><\/div>\n\t\t\t\t\t<div class=\"wpr-child wpr-double-bounce2\"><\/div>\n\t\t\t\t<\/div>\n\t\t\t<\/button>\n\t\t<\/div>\t\t\t\t\n\t\t\t<\/div>\n\t\t<\/form>\n\t  \t\t\t\t<\/div>\n\t\t\t\t<\/div>\n\t\t\t\t<\/div>\n\t\t\t\t<\/div>\n\t\t\t\t\t<\/div>\n\t\t\t\t<\/div>\n\t\t<div class=\"elementor-element elementor-element-e4b33fe e-flex e-con-boxed wpr-particle-no wpr-jarallax-no wpr-parallax-no wpr-sticky-section-no wpr-equal-height-no e-con e-parent\" data-id=\"e4b33fe\" data-element_type=\"container\" data-e-type=\"container\">\n\t\t\t\t\t<div class=\"e-con-inner\">\n\t\t\t\t<div class=\"elementor-element elementor-element-08b26ff elementor-widget elementor-widget-heading\" data-id=\"08b26ff\" data-element_type=\"widget\" data-e-type=\"widget\" data-widget_type=\"heading.default\">\n\t\t\t\t<div class=\"elementor-widget-container\">\n\t\t\t\t\t<h2 class=\"elementor-heading-title elementor-size-default\">D\u00f3nde encontrar a Piano Abogados<\/h2>\t\t\t\t<\/div>\n\t\t\t\t<\/div>\n\t\t\t\t<div class=\"elementor-element elementor-element-1c170b8 elementor-widget elementor-widget-google_maps\" data-id=\"1c170b8\" data-element_type=\"widget\" data-e-type=\"widget\" data-widget_type=\"google_maps.default\">\n\t\t\t\t<div class=\"elementor-widget-container\">\n\t\t\t\t\t\t\t<div class=\"elementor-custom-embed\">\n\t\t\t<iframe loading=\"lazy\"\n\t\t\t\t\tsrc=\"https:\/\/maps.google.com\/maps?q=C%2F%20del%20Marqu%C3%A9s%20de%20Campo%2C%2042%2C%2003700%20D%C3%A9nia%2C%20Alicante&#038;t=m&#038;z=14&#038;output=embed&#038;iwloc=near\"\n\t\t\t\t\ttitle=\"C\/ del Marqu\u00e9s de Campo, 42, 03700 D\u00e9nia, Alicante\"\n\t\t\t\t\taria-label=\"C\/ del Marqu\u00e9s de Campo, 42, 03700 D\u00e9nia, Alicante\"\n\t\t\t><\/iframe>\n\t\t<\/div>\n\t\t\t\t\t\t<\/div>\n\t\t\t\t<\/div>\n\t\t\t\t\t<\/div>\n\t\t\t\t<\/div>\n\t\t\t\t<\/div>\n\t\t","protected":false},"excerpt":{"rendered":"<p>Horario Laboral: Lunes a Jueves: 09:00h &#8211; 14:30h, 16:00h &#8211; 18:00h Viernes: 09:00h &#8211; 16:00h, \u00bfNecesitas ayuda? Explicanos tus dudas Resuelve tus dudas junto a nuestro equipo especializado. Ll\u00e1manos Hable con nosotros y vea c\u00f3mo podemos trabajar juntos +34 965 78 41 69 Escr\u00edbenos Respondemos en menos de 2h contacto@pianoabogados.es Encu\u00e9ntranos C\/ del Marqu\u00e9s de Campo, 42, 03700 D\u00e9nia, Alicante Env\u00edanos tu consulta: Enviar D\u00f3nde encontrar a Piano Abogados<\/p>","protected":false},"author":1,"featured_media":16,"parent":0,"menu_order":0,"comment_status":"closed","ping_status":"closed","template":"","meta":{"footnotes":""},"class_list":["post-88","page","type-page","status-publish","has-post-thumbnail","hentry"],"yoast_head":"<!-- This site is optimized with the Yoast SEO plugin v24.4 - https:\/\/yoast.com\/wordpress\/plugins\/seo\/ -->\n<title>Contacto - Piano Abogados<\/title>\n<meta name=\"description\" content=\"Contacta con nuestros abogados inmobiliarios en D\u00e9nia para una consulta personalizada sobre compra-venta o inversi\u00f3n en propiedad\" \/>\n<meta name=\"robots\" content=\"index, follow, max-snippet:-1, max-image-preview:large, max-video-preview:-1\" \/>\n<link rel=\"canonical\" href=\"https:\/\/pianoabogados.es\/en\/contacto\/\" \/>\n<meta property=\"og:locale\" content=\"en_US\" \/>\n<meta property=\"og:type\" content=\"article\" \/>\n<meta property=\"og:title\" content=\"Contacto - Piano Abogados\" \/>\n<meta property=\"og:description\" content=\"Contacta con nuestros abogados inmobiliarios en D\u00e9nia para una consulta personalizada sobre compra-venta o inversi\u00f3n en propiedad\" \/>\n<meta property=\"og:url\" content=\"https:\/\/pianoabogados.es\/en\/contacto\/\" \/>\n<meta property=\"og:site_name\" content=\"Piano Abogados\" \/>\n<meta property=\"article:modified_time\" content=\"2025-11-07T09:22:14+00:00\" \/>\n<meta property=\"og:image\" content=\"https:\/\/pianoabogados.es\/wp-content\/uploads\/2016\/08\/dummy-1.jpg\" \/>\n\t<meta property=\"og:image:width\" content=\"400\" \/>\n\t<meta property=\"og:image:height\" content=\"260\" \/>\n\t<meta property=\"og:image:type\" content=\"image\/jpeg\" \/>\n<meta name=\"twitter:card\" content=\"summary_large_image\" \/>\n<meta name=\"twitter:label1\" content=\"Est. reading time\" \/>\n\t<meta name=\"twitter:data1\" content=\"2 minutes\" \/>\n<script type=\"application\/ld+json\" class=\"yoast-schema-graph\">{\"@context\":\"https:\/\/schema.org\",\"@graph\":[{\"@type\":\"WebPage\",\"@id\":\"https:\/\/pianoabogados.es\/contacto\/\",\"url\":\"https:\/\/pianoabogados.es\/contacto\/\",\"name\":\"Contacto - Piano Abogados\",\"isPartOf\":{\"@id\":\"https:\/\/pianoabogados.es\/#website\"},\"primaryImageOfPage\":{\"@id\":\"https:\/\/pianoabogados.es\/contacto\/#primaryimage\"},\"image\":{\"@id\":\"https:\/\/pianoabogados.es\/contacto\/#primaryimage\"},\"thumbnailUrl\":\"https:\/\/i0.wp.com\/pianoabogados.es\/wp-content\/uploads\/2016\/08\/dummy-1.jpg?fit=400%2C260&ssl=1\",\"datePublished\":\"2013-08-11T19:22:53+00:00\",\"dateModified\":\"2025-11-07T09:22:14+00:00\",\"description\":\"Contacta con nuestros abogados inmobiliarios en D\u00e9nia para una consulta personalizada sobre compra-venta o inversi\u00f3n en propiedad\",\"breadcrumb\":{\"@id\":\"https:\/\/pianoabogados.es\/contacto\/#breadcrumb\"},\"inLanguage\":\"en-US\",\"potentialAction\":[{\"@type\":\"ReadAction\",\"target\":[\"https:\/\/pianoabogados.es\/contacto\/\"]}]},{\"@type\":\"ImageObject\",\"inLanguage\":\"en-US\",\"@id\":\"https:\/\/pianoabogados.es\/contacto\/#primaryimage\",\"url\":\"https:\/\/i0.wp.com\/pianoabogados.es\/wp-content\/uploads\/2016\/08\/dummy-1.jpg?fit=400%2C260&ssl=1\",\"contentUrl\":\"https:\/\/i0.wp.com\/pianoabogados.es\/wp-content\/uploads\/2016\/08\/dummy-1.jpg?fit=400%2C260&ssl=1\",\"width\":400,\"height\":260},{\"@type\":\"BreadcrumbList\",\"@id\":\"https:\/\/pianoabogados.es\/contacto\/#breadcrumb\",\"itemListElement\":[{\"@type\":\"ListItem\",\"position\":1,\"name\":\"Portada\",\"item\":\"https:\/\/pianoabogados.es\/\"},{\"@type\":\"ListItem\",\"position\":2,\"name\":\"Contacto\"}]},{\"@type\":\"WebSite\",\"@id\":\"https:\/\/pianoabogados.es\/#website\",\"url\":\"https:\/\/pianoabogados.es\/\",\"name\":\"Piano Abogados - Protege tu inversi\u00f3n en espa\u00f1a\",\"description\":\"Piano Abogados\",\"publisher\":{\"@id\":\"https:\/\/pianoabogados.es\/#organization\"},\"potentialAction\":[{\"@type\":\"SearchAction\",\"target\":{\"@type\":\"EntryPoint\",\"urlTemplate\":\"https:\/\/pianoabogados.es\/?s={search_term_string}\"},\"query-input\":{\"@type\":\"PropertyValueSpecification\",\"valueRequired\":true,\"valueName\":\"search_term_string\"}}],\"inLanguage\":\"en-US\"},{\"@type\":\"Organization\",\"@id\":\"https:\/\/pianoabogados.es\/#organization\",\"name\":\"Piano Abogados\",\"url\":\"https:\/\/pianoabogados.es\/\",\"logo\":{\"@type\":\"ImageObject\",\"inLanguage\":\"en-US\",\"@id\":\"https:\/\/pianoabogados.es\/#\/schema\/logo\/image\/\",\"url\":\"https:\/\/i0.wp.com\/pianoabogados.es\/wp-content\/uploads\/2020\/12\/piano-abogados-logo.png?fit=759%2C208&ssl=1\",\"contentUrl\":\"https:\/\/i0.wp.com\/pianoabogados.es\/wp-content\/uploads\/2020\/12\/piano-abogados-logo.png?fit=759%2C208&ssl=1\",\"width\":759,\"height\":208,\"caption\":\"Piano Abogados\"},\"image\":{\"@id\":\"https:\/\/pianoabogados.es\/#\/schema\/logo\/image\/\"}}]}<\/script>\n<!-- \/ Yoast SEO plugin. -->","yoast_head_json":{"title":"Contacto - Piano Abogados","description":"Contacta con nuestros abogados inmobiliarios en D\u00e9nia para una consulta personalizada sobre compra-venta o inversi\u00f3n en propiedad","robots":{"index":"index","follow":"follow","max-snippet":"max-snippet:-1","max-image-preview":"max-image-preview:large","max-video-preview":"max-video-preview:-1"},"canonical":"https:\/\/pianoabogados.es\/en\/contacto\/","og_locale":"en_US","og_type":"article","og_title":"Contacto - Piano Abogados","og_description":"Contacta con nuestros abogados inmobiliarios en D\u00e9nia para una consulta personalizada sobre compra-venta o inversi\u00f3n en propiedad","og_url":"https:\/\/pianoabogados.es\/en\/contacto\/","og_site_name":"Piano Abogados","article_modified_time":"2025-11-07T09:22:14+00:00","og_image":[{"width":400,"height":260,"url":"https:\/\/pianoabogados.es\/wp-content\/uploads\/2016\/08\/dummy-1.jpg","type":"image\/jpeg"}],"twitter_card":"summary_large_image","twitter_misc":{"Est. reading time":"2 minutes"},"schema":{"@context":"https:\/\/schema.org","@graph":[{"@type":"WebPage","@id":"https:\/\/pianoabogados.es\/contacto\/","url":"https:\/\/pianoabogados.es\/contacto\/","name":"Contacto - Piano Abogados","isPartOf":{"@id":"https:\/\/pianoabogados.es\/#website"},"primaryImageOfPage":{"@id":"https:\/\/pianoabogados.es\/contacto\/#primaryimage"},"image":{"@id":"https:\/\/pianoabogados.es\/contacto\/#primaryimage"},"thumbnailUrl":"https:\/\/i0.wp.com\/pianoabogados.es\/wp-content\/uploads\/2016\/08\/dummy-1.jpg?fit=400%2C260&ssl=1","datePublished":"2013-08-11T19:22:53+00:00","dateModified":"2025-11-07T09:22:14+00:00","description":"Contacta con nuestros abogados inmobiliarios en D\u00e9nia para una consulta personalizada sobre compra-venta o inversi\u00f3n en propiedad","breadcrumb":{"@id":"https:\/\/pianoabogados.es\/contacto\/#breadcrumb"},"inLanguage":"en-US","potentialAction":[{"@type":"ReadAction","target":["https:\/\/pianoabogados.es\/contacto\/"]}]},{"@type":"ImageObject","inLanguage":"en-US","@id":"https:\/\/pianoabogados.es\/contacto\/#primaryimage","url":"https:\/\/i0.wp.com\/pianoabogados.es\/wp-content\/uploads\/2016\/08\/dummy-1.jpg?fit=400%2C260&ssl=1","contentUrl":"https:\/\/i0.wp.com\/pianoabogados.es\/wp-content\/uploads\/2016\/08\/dummy-1.jpg?fit=400%2C260&ssl=1","width":400,"height":260},{"@type":"BreadcrumbList","@id":"https:\/\/pianoabogados.es\/contacto\/#breadcrumb","itemListElement":[{"@type":"ListItem","position":1,"name":"Portada","item":"https:\/\/pianoabogados.es\/"},{"@type":"ListItem","position":2,"name":"Contacto"}]},{"@type":"WebSite","@id":"https:\/\/pianoabogados.es\/#website","url":"https:\/\/pianoabogados.es\/","name":"Piano Abogados - Protege tu inversi\u00f3n en espa\u00f1a","description":"Piano Abogados","publisher":{"@id":"https:\/\/pianoabogados.es\/#organization"},"potentialAction":[{"@type":"SearchAction","target":{"@type":"EntryPoint","urlTemplate":"https:\/\/pianoabogados.es\/?s={search_term_string}"},"query-input":{"@type":"PropertyValueSpecification","valueRequired":true,"valueName":"search_term_string"}}],"inLanguage":"en-US"},{"@type":"Organization","@id":"https:\/\/pianoabogados.es\/#organization","name":"Piano Abogados","url":"https:\/\/pianoabogados.es\/","logo":{"@type":"ImageObject","inLanguage":"en-US","@id":"https:\/\/pianoabogados.es\/#\/schema\/logo\/image\/","url":"https:\/\/i0.wp.com\/pianoabogados.es\/wp-content\/uploads\/2020\/12\/piano-abogados-logo.png?fit=759%2C208&ssl=1","contentUrl":"https:\/\/i0.wp.com\/pianoabogados.es\/wp-content\/uploads\/2020\/12\/piano-abogados-logo.png?fit=759%2C208&ssl=1","width":759,"height":208,"caption":"Piano Abogados"},"image":{"@id":"https:\/\/pianoabogados.es\/#\/schema\/logo\/image\/"}}]}},"jetpack_sharing_enabled":true,"_links":{"self":[{"href":"https:\/\/pianoabogados.es\/en\/wp-json\/wp\/v2\/pages\/88","targetHints":{"allow":["GET"]}}],"collection":[{"href":"https:\/\/pianoabogados.es\/en\/wp-json\/wp\/v2\/pages"}],"about":[{"href":"https:\/\/pianoabogados.es\/en\/wp-json\/wp\/v2\/types\/page"}],"author":[{"embeddable":true,"href":"https:\/\/pianoabogados.es\/en\/wp-json\/wp\/v2\/users\/1"}],"replies":[{"embeddable":true,"href":"https:\/\/pianoabogados.es\/en\/wp-json\/wp\/v2\/comments?post=88"}],"version-history":[{"count":108,"href":"https:\/\/pianoabogados.es\/en\/wp-json\/wp\/v2\/pages\/88\/revisions"}],"predecessor-version":[{"id":2307,"href":"https:\/\/pianoabogados.es\/en\/wp-json\/wp\/v2\/pages\/88\/revisions\/2307"}],"wp:featuredmedia":[{"embeddable":true,"href":"https:\/\/pianoabogados.es\/en\/wp-json\/wp\/v2\/media\/16"}],"wp:attachment":[{"href":"https:\/\/pianoabogados.es\/en\/wp-json\/wp\/v2\/media?parent=88"}],"curies":[{"name":"wp","href":"https:\/\/api.w.org\/{rel}","templated":true}]}}